{"id":892,"date":"2017-10-16T16:28:13","date_gmt":"2017-10-16T14:28:13","guid":{"rendered":"https:\/\/www.tooltec.se\/?page_id=892"},"modified":"2017-10-20T08:14:52","modified_gmt":"2017-10-20T06:14:52","slug":"vision-and-business-concept","status":"publish","type":"page","link":"https:\/\/www.tooltec.se\/en\/about-tooltec\/vision-and-business-concept\/","title":{"rendered":"Vision and business concept"},"content":{"rendered":"<h1>Tooltec today and in the future<\/h1>\n<p>With our vision and business concept, we aim to define our business. Who we want to be and what we want to achieve, both now and in the future. Find out more about our everyday work and <a href=\"https:\/\/www.tooltec.se\/en\/machine-fleet\/\">our machine fleet<\/a>.<\/p>\n<p>&nbsp;<\/p>\n<p><img loading=\"lazy\" decoding=\"async\" class=\"alignnone wp-image-580 size-full\" src=\"https:\/\/www.tooltec.se\/wp-content\/uploads\/2017\/09\/Tooltec_produktionstekniker-1.jpg\" alt=\"Vision and business concept \" width=\"816\" height=\"544\" srcset=\"https:\/\/www.tooltec.se\/wp-content\/uploads\/2017\/09\/Tooltec_produktionstekniker-1.jpg 816w, https:\/\/www.tooltec.se\/wp-content\/uploads\/2017\/09\/Tooltec_produktionstekniker-1-300x200.jpg 300w, https:\/\/www.tooltec.se\/wp-content\/uploads\/2017\/09\/Tooltec_produktionstekniker-1-768x512.jpg 768w\" sizes=\"(max-width: 816px) 100vw, 816px\" \/><\/p>\n<p>&nbsp;<\/p>\n<h4>Our vision<\/h4>\n<p>The flexible, reliable and preferred partner for advanced processing in the energy, marine and aeronautical\/aerospace industries.<\/p>\n<h4><\/h4>\n<h4>Our business concept<\/h4>\n<p>Tooltec is to be a diverse supplier in the segment of advanced processing, maintaining an extremely high technical level.\u00a0We supply the right quality with flexibility and precision, delivering both large and small batches at competitive prices.<\/p>\n<h4><img loading=\"lazy\" decoding=\"async\" class=\"alignnone wp-image-975 size-full\" src=\"https:\/\/www.tooltec.se\/wp-content\/uploads\/2017\/10\/Tooltec_Costumers_Promise.jpeg\" alt=\"Tooltec customer promise \" width=\"846\" height=\"239\" srcset=\"https:\/\/www.tooltec.se\/wp-content\/uploads\/2017\/10\/Tooltec_Costumers_Promise.jpeg 846w, https:\/\/www.tooltec.se\/wp-content\/uploads\/2017\/10\/Tooltec_Costumers_Promise-300x85.jpeg 300w, https:\/\/www.tooltec.se\/wp-content\/uploads\/2017\/10\/Tooltec_Costumers_Promise-768x217.jpeg 768w\" sizes=\"(max-width: 846px) 100vw, 846px\" \/><\/h4>\n","protected":false},"excerpt":{"rendered":"<p>Tooltec today and in the future With our vision and business concept, we aim to define our business. Who we want to be and what we want to achieve, both now and in the future. Find out more about our everyday work and our machine fleet. &nbsp; &nbsp; Our vision The flexible, reliable and preferred [&hellip;]<\/p>\n","protected":false},"author":2,"featured_media":0,"parent":886,"menu_order":0,"comment_status":"closed","ping_status":"closed","template":"","meta":{"_et_pb_use_builder":"off","_et_pb_old_content":"<h1>Tooltec idag och i framtiden<\/h1>\r\nMed v\u00e5r vision och aff\u00e4rsid\u00e9 vill vi beskriva v\u00e5r verksamhet. Vem vi vill vara och vad vi vill \u00e5stadkomma, idag och i framtiden. L\u00e4s mer om <a href=\"https:\/\/www.tooltec.se\/om-tooltec\/\">oss och v\u00e5r dagliga verksamhet.\u00a0<\/a>\r\n\r\n\u00a0\r\n<h4>V\u00e5r vision<\/h4>\r\nDen flexibla, p\u00e5litliga och sj\u00e4lvklara samarbetspartnern f\u00f6r avancerad bearbetning inom s\u00e5v\u00e4l energi, marin och rymd -flygindustri.\r\n\r\n\u00a0\r\n<h4>V\u00e5r aff\u00e4rsid\u00e9<\/h4>\r\nTooltec skall vara en m\u00e5ngsidig leverant\u00f6r inom\u00a0 segmentet avancerad bearbetning med mycket h\u00f6g teknisk niv\u00e5.\u00a0Vi erbjuder r\u00e4tt kvalitet med flexibilitet och precision inom sm\u00e5 och stora serier till konkurrenskraftiga priser.\r\n\r\n\u00a0\r\n<h4>V\u00e5rt kundl\u00f6fte<\/h4>\r\nTooltec skall str\u00e4va efter att vara en leverant\u00f6r av v\u00e4rldsklass, vi skall karakteriseras av \u00f6verl\u00e4gsen kvalitet och leveranss\u00e4kerhet.\r\n\r\nV\u00e5r ledstj\u00e4rna \u00e4r att alltid leverera produkter och tj\u00e4nster som uppfyller kundens krav och \u00f6nskem\u00e5l s\u00e5 att varje aff\u00e4r blir en rekommendation f\u00f6r n\u00e4sta.","_et_gb_content_width":"","_locale":"en_US","_original_post":"483","footnotes":""},"class_list":["post-892","page","type-page","status-publish","hentry","en-US"],"yoast_head":"<!-- This site is optimized with the Yoast SEO plugin v27.4 - https:\/\/yoast.com\/product\/yoast-seo-wordpress\/ -->\n<title>Vision and Business Concept | Today and in the future | Tooltec<\/title>\n<meta name=\"description\" content=\"Vision &amp; Business concept | We want to be the flexible, reliable and preferred partner for advanced processing. | Tooltec today and in the future.\" \/>\n<meta name=\"robots\" content=\"index, follow, max-snippet:-1, max-image-preview:large, max-video-preview:-1\" \/>\n<link rel=\"canonical\" href=\"https:\/\/www.tooltec.se\/en\/about-tooltec\/vision-and-business-concept\/\" \/>\n<meta property=\"og:locale\" content=\"en_US\" \/>\n<meta property=\"og:type\" content=\"article\" \/>\n<meta property=\"og:title\" content=\"Vision and Business Concept | Today and in the future | Tooltec\" \/>\n<meta property=\"og:description\" content=\"Vision &amp; Business concept | We want to be the flexible, reliable and preferred partner for advanced processing. | Tooltec today and in the future.\" \/>\n<meta property=\"og:url\" content=\"https:\/\/www.tooltec.se\/en\/about-tooltec\/vision-and-business-concept\/\" \/>\n<meta property=\"og:site_name\" content=\"Tooltec\" \/>\n<meta property=\"article:modified_time\" content=\"2017-10-20T06:14:52+00:00\" \/>\n<meta property=\"og:image\" content=\"https:\/\/www.tooltec.se\/wp-content\/uploads\/2017\/09\/Tooltec_produktionstekniker-1.jpg\" \/>\n<meta name=\"twitter:card\" content=\"summary_large_image\" \/>\n<meta name=\"twitter:label1\" content=\"Est. reading time\" \/>\n\t<meta name=\"twitter:data1\" content=\"1 minute\" \/>\n<script type=\"application\/ld+json\" class=\"yoast-schema-graph\">{\"@context\":\"https:\\\/\\\/schema.org\",\"@graph\":[{\"@type\":\"WebPage\",\"@id\":\"https:\\\/\\\/www.tooltec.se\\\/en\\\/about-tooltec\\\/vision-and-business-concept\\\/\",\"url\":\"https:\\\/\\\/www.tooltec.se\\\/en\\\/about-tooltec\\\/vision-and-business-concept\\\/\",\"name\":\"Vision and Business Concept | Today and in the future | Tooltec\",\"isPartOf\":{\"@id\":\"https:\\\/\\\/www.tooltec.se\\\/#website\"},\"primaryImageOfPage\":{\"@id\":\"https:\\\/\\\/www.tooltec.se\\\/en\\\/about-tooltec\\\/vision-and-business-concept\\\/#primaryimage\"},\"image\":{\"@id\":\"https:\\\/\\\/www.tooltec.se\\\/en\\\/about-tooltec\\\/vision-and-business-concept\\\/#primaryimage\"},\"thumbnailUrl\":\"https:\\\/\\\/www.tooltec.se\\\/wp-content\\\/uploads\\\/2017\\\/09\\\/Tooltec_produktionstekniker-1.jpg\",\"datePublished\":\"2017-10-16T14:28:13+00:00\",\"dateModified\":\"2017-10-20T06:14:52+00:00\",\"description\":\"Vision & Business concept | We want to be the flexible, reliable and preferred partner for advanced processing. | Tooltec today and in the future.\",\"breadcrumb\":{\"@id\":\"https:\\\/\\\/www.tooltec.se\\\/en\\\/about-tooltec\\\/vision-and-business-concept\\\/#breadcrumb\"},\"inLanguage\":\"en-US\",\"potentialAction\":[{\"@type\":\"ReadAction\",\"target\":[\"https:\\\/\\\/www.tooltec.se\\\/en\\\/about-tooltec\\\/vision-and-business-concept\\\/\"]}]},{\"@type\":\"ImageObject\",\"inLanguage\":\"en-US\",\"@id\":\"https:\\\/\\\/www.tooltec.se\\\/en\\\/about-tooltec\\\/vision-and-business-concept\\\/#primaryimage\",\"url\":\"https:\\\/\\\/www.tooltec.se\\\/wp-content\\\/uploads\\\/2017\\\/09\\\/Tooltec_produktionstekniker-1.jpg\",\"contentUrl\":\"https:\\\/\\\/www.tooltec.se\\\/wp-content\\\/uploads\\\/2017\\\/09\\\/Tooltec_produktionstekniker-1.jpg\",\"width\":816,\"height\":544,\"caption\":\"Tooltec_jobb_produktionstekniker\"},{\"@type\":\"BreadcrumbList\",\"@id\":\"https:\\\/\\\/www.tooltec.se\\\/en\\\/about-tooltec\\\/vision-and-business-concept\\\/#breadcrumb\",\"itemListElement\":[{\"@type\":\"ListItem\",\"position\":1,\"name\":\"Home\",\"item\":\"https:\\\/\\\/www.tooltec.se\\\/en\\\/\"},{\"@type\":\"ListItem\",\"position\":2,\"name\":\"ABOUT TOOLTEC\",\"item\":\"https:\\\/\\\/www.tooltec.se\\\/en\\\/about-tooltec\\\/\"},{\"@type\":\"ListItem\",\"position\":3,\"name\":\"Vision and business concept\"}]},{\"@type\":\"WebSite\",\"@id\":\"https:\\\/\\\/www.tooltec.se\\\/#website\",\"url\":\"https:\\\/\\\/www.tooltec.se\\\/\",\"name\":\"Tooltec\",\"description\":\"Avancerad sk\u00e4rande bearbetning\",\"publisher\":{\"@id\":\"https:\\\/\\\/www.tooltec.se\\\/#organization\"},\"potentialAction\":[{\"@type\":\"SearchAction\",\"target\":{\"@type\":\"EntryPoint\",\"urlTemplate\":\"https:\\\/\\\/www.tooltec.se\\\/?s={search_term_string}\"},\"query-input\":{\"@type\":\"PropertyValueSpecification\",\"valueRequired\":true,\"valueName\":\"search_term_string\"}}],\"inLanguage\":\"en-US\"},{\"@type\":\"Organization\",\"@id\":\"https:\\\/\\\/www.tooltec.se\\\/#organization\",\"name\":\"Tooltec Trestad AB\",\"url\":\"https:\\\/\\\/www.tooltec.se\\\/\",\"logo\":{\"@type\":\"ImageObject\",\"inLanguage\":\"en-US\",\"@id\":\"https:\\\/\\\/www.tooltec.se\\\/#\\\/schema\\\/logo\\\/image\\\/\",\"url\":\"https:\\\/\\\/www.tooltec.se\\\/wp-content\\\/uploads\\\/2018\\\/05\\\/tooltec_270bpbredd.bmp\",\"contentUrl\":\"https:\\\/\\\/www.tooltec.se\\\/wp-content\\\/uploads\\\/2018\\\/05\\\/tooltec_270bpbredd.bmp\",\"width\":270,\"height\":57,\"caption\":\"Tooltec Trestad AB\"},\"image\":{\"@id\":\"https:\\\/\\\/www.tooltec.se\\\/#\\\/schema\\\/logo\\\/image\\\/\"},\"sameAs\":[\"https:\\\/\\\/www.linkedin.com\\\/company\\\/4805473\"]}]}<\/script>\n<!-- \/ Yoast SEO plugin. -->","yoast_head_json":{"title":"Vision and Business Concept | Today and in the future | Tooltec","description":"Vision & Business concept | We want to be the flexible, reliable and preferred partner for advanced processing. | Tooltec today and in the future.","robots":{"index":"index","follow":"follow","max-snippet":"max-snippet:-1","max-image-preview":"max-image-preview:large","max-video-preview":"max-video-preview:-1"},"canonical":"https:\/\/www.tooltec.se\/en\/about-tooltec\/vision-and-business-concept\/","og_locale":"en_US","og_type":"article","og_title":"Vision and Business Concept | Today and in the future | Tooltec","og_description":"Vision & Business concept | We want to be the flexible, reliable and preferred partner for advanced processing. | Tooltec today and in the future.","og_url":"https:\/\/www.tooltec.se\/en\/about-tooltec\/vision-and-business-concept\/","og_site_name":"Tooltec","article_modified_time":"2017-10-20T06:14:52+00:00","og_image":[{"url":"https:\/\/www.tooltec.se\/wp-content\/uploads\/2017\/09\/Tooltec_produktionstekniker-1.jpg","type":"","width":"","height":""}],"twitter_card":"summary_large_image","twitter_misc":{"Est. reading time":"1 minute"},"schema":{"@context":"https:\/\/schema.org","@graph":[{"@type":"WebPage","@id":"https:\/\/www.tooltec.se\/en\/about-tooltec\/vision-and-business-concept\/","url":"https:\/\/www.tooltec.se\/en\/about-tooltec\/vision-and-business-concept\/","name":"Vision and Business Concept | Today and in the future | Tooltec","isPartOf":{"@id":"https:\/\/www.tooltec.se\/#website"},"primaryImageOfPage":{"@id":"https:\/\/www.tooltec.se\/en\/about-tooltec\/vision-and-business-concept\/#primaryimage"},"image":{"@id":"https:\/\/www.tooltec.se\/en\/about-tooltec\/vision-and-business-concept\/#primaryimage"},"thumbnailUrl":"https:\/\/www.tooltec.se\/wp-content\/uploads\/2017\/09\/Tooltec_produktionstekniker-1.jpg","datePublished":"2017-10-16T14:28:13+00:00","dateModified":"2017-10-20T06:14:52+00:00","description":"Vision & Business concept | We want to be the flexible, reliable and preferred partner for advanced processing. | Tooltec today and in the future.","breadcrumb":{"@id":"https:\/\/www.tooltec.se\/en\/about-tooltec\/vision-and-business-concept\/#breadcrumb"},"inLanguage":"en-US","potentialAction":[{"@type":"ReadAction","target":["https:\/\/www.tooltec.se\/en\/about-tooltec\/vision-and-business-concept\/"]}]},{"@type":"ImageObject","inLanguage":"en-US","@id":"https:\/\/www.tooltec.se\/en\/about-tooltec\/vision-and-business-concept\/#primaryimage","url":"https:\/\/www.tooltec.se\/wp-content\/uploads\/2017\/09\/Tooltec_produktionstekniker-1.jpg","contentUrl":"https:\/\/www.tooltec.se\/wp-content\/uploads\/2017\/09\/Tooltec_produktionstekniker-1.jpg","width":816,"height":544,"caption":"Tooltec_jobb_produktionstekniker"},{"@type":"BreadcrumbList","@id":"https:\/\/www.tooltec.se\/en\/about-tooltec\/vision-and-business-concept\/#breadcrumb","itemListElement":[{"@type":"ListItem","position":1,"name":"Home","item":"https:\/\/www.tooltec.se\/en\/"},{"@type":"ListItem","position":2,"name":"ABOUT TOOLTEC","item":"https:\/\/www.tooltec.se\/en\/about-tooltec\/"},{"@type":"ListItem","position":3,"name":"Vision and business concept"}]},{"@type":"WebSite","@id":"https:\/\/www.tooltec.se\/#website","url":"https:\/\/www.tooltec.se\/","name":"Tooltec","description":"Avancerad sk\u00e4rande bearbetning","publisher":{"@id":"https:\/\/www.tooltec.se\/#organization"},"potentialAction":[{"@type":"SearchAction","target":{"@type":"EntryPoint","urlTemplate":"https:\/\/www.tooltec.se\/?s={search_term_string}"},"query-input":{"@type":"PropertyValueSpecification","valueRequired":true,"valueName":"search_term_string"}}],"inLanguage":"en-US"},{"@type":"Organization","@id":"https:\/\/www.tooltec.se\/#organization","name":"Tooltec Trestad AB","url":"https:\/\/www.tooltec.se\/","logo":{"@type":"ImageObject","inLanguage":"en-US","@id":"https:\/\/www.tooltec.se\/#\/schema\/logo\/image\/","url":"https:\/\/www.tooltec.se\/wp-content\/uploads\/2018\/05\/tooltec_270bpbredd.bmp","contentUrl":"https:\/\/www.tooltec.se\/wp-content\/uploads\/2018\/05\/tooltec_270bpbredd.bmp","width":270,"height":57,"caption":"Tooltec Trestad AB"},"image":{"@id":"https:\/\/www.tooltec.se\/#\/schema\/logo\/image\/"},"sameAs":["https:\/\/www.linkedin.com\/company\/4805473"]}]}},"publishpress_future_action":{"enabled":false,"date":"2026-04-25 20:34:48","action":"change-status","newStatus":"draft","terms":[],"taxonomy":"","extraData":[]},"publishpress_future_workflow_manual_trigger":{"enabledWorkflows":[]},"_links":{"self":[{"href":"https:\/\/www.tooltec.se\/wp-json\/wp\/v2\/pages\/892","targetHints":{"allow":["GET"]}}],"collection":[{"href":"https:\/\/www.tooltec.se\/wp-json\/wp\/v2\/pages"}],"about":[{"href":"https:\/\/www.tooltec.se\/wp-json\/wp\/v2\/types\/page"}],"author":[{"embeddable":true,"href":"https:\/\/www.tooltec.se\/wp-json\/wp\/v2\/users\/2"}],"replies":[{"embeddable":true,"href":"https:\/\/www.tooltec.se\/wp-json\/wp\/v2\/comments?post=892"}],"version-history":[{"count":4,"href":"https:\/\/www.tooltec.se\/wp-json\/wp\/v2\/pages\/892\/revisions"}],"predecessor-version":[{"id":982,"href":"https:\/\/www.tooltec.se\/wp-json\/wp\/v2\/pages\/892\/revisions\/982"}],"up":[{"embeddable":true,"href":"https:\/\/www.tooltec.se\/wp-json\/wp\/v2\/pages\/886"}],"wp:attachment":[{"href":"https:\/\/www.tooltec.se\/wp-json\/wp\/v2\/media?parent=892"}],"curies":[{"name":"wp","href":"https:\/\/api.w.org\/{rel}","templated":true}]}}